{"id":2513,"date":"2023-10-10T15:30:34","date_gmt":"2023-10-10T13:30:34","guid":{"rendered":"https:\/\/millbio.sg\/?page_id=2513"},"modified":"2023-10-10T15:33:43","modified_gmt":"2023-10-10T13:33:43","slug":"cookies-policy","status":"publish","type":"page","link":"https:\/\/millbio.sg\/en\/cookies-policy","title":{"rendered":"Cookies Policy"},"content":{"rendered":"\t\t<div data-elementor-type=\"wp-page\" data-elementor-id=\"2513\" class=\"elementor elementor-2513\" data-elementor-post-type=\"page\">\n\t\t\t\t\t\t<section class=\"elementor-section elementor-top-section elementor-element elementor-element-1e277eb elementor-section-boxed elementor-section-height-default elementor-section-height-default\" data-id=\"1e277eb\" data-element_type=\"section\" data-e-type=\"section\">\n\t\t\t\t\t\t<div class=\"elementor-container elementor-column-gap-default\">\n\t\t\t\t\t<div class=\"elementor-column elementor-col-100 elementor-top-column elementor-element elementor-element-df867c8\" data-id=\"df867c8\" data-element_type=\"column\" data-e-type=\"column\">\n\t\t\t<div class=\"elementor-widget-wrap elementor-element-populated\">\n\t\t\t\t\t\t<div class=\"elementor-element elementor-element-0595ba4 elementor-widget elementor-widget-text-editor\" data-id=\"0595ba4\" data-element_type=\"widget\" data-e-type=\"widget\" data-widget_type=\"text-editor.default\">\n\t\t\t\t<div class=\"elementor-widget-container\">\n\t\t\t\t\t\t\t\t\t<p>17\/01\/2023<\/p><p>\u00a0<\/p><h2>COOKIES POLICY SITO WEB<\/h2><p>Informazioni sul trattamento dei dati personali ai sensi dell\u2019art. 13 del Regolamento UE 2016\/679 (GDPR)<\/p><p>Ogni persona che naviga on line pu\u00f2 essere associata a identificativi online, definiti genericamente strumenti di tracciamento dell\u2019utente, che vengono prodotti dai dispositivi e dalle applicazioni utilizzate o dai protocolli impiegati per la navigazione. Ad esempio, sono strumenti di tracciamento: gli indirizzi IP, i marcatori temporanei \u2013 detti anche cookies \u2013 o i tag di identificazione.<\/p><p>Tali strumenti possono lasciare tracce che, se combinate con altre informazioni ricevute dai server, possono essere utilizzate per identificare le persone che navigano on line e creare nuovi profili. Pertanto, tali identificativi sono considerati dati personali.<\/p><h4>CHE COSA SONO I COOKIES?<\/h4><p>I cookies sono stringhe di testo che i siti web visitati dagli utenti (cd. Publisher, o \u201cprime parti\u201d) ovvero siti o web server diversi (cd. \u201cterze parti\u201d) posizionano ed archiviano all\u2019interno del dispositivo dell\u2019utente medesimo, perch\u00e9 siano poi ritrasmessi agli stessi siti alla visita successiva.<br \/>I cookies sono usati per differenti finalit\u00e0: esecuzione di autenticazioni informatiche, monitoraggio di sessioni, memorizzazione di informazioni su specifiche configurazioni riguardanti gli utenti che accedono al server, memorizzazione delle preferenze, o per agevolare la fruizione dei contenuti on line, come ad esempio per tenere traccia degli articoli in un carrello degli acquisti o delle informazioni per la compilazione di un modulo informatico.<\/p><h4>QUANTI TIPI DI COOKIES ESISTONO?<\/h4><p>Esistono diversi tipi di cookie, con caratteristiche e utilizzi diversi:<\/p><p><b>Cookie tecnici:<\/b>\u00a0sono cookies indispensabili per il corretto funzionamento del sito e sono utilizzati per effettuare la trasmissione di una comunicazione su una rete di comunicazione elettronica, o nella misura strettamente necessaria al fornitore di un servizio della societ\u00e0 dell\u2019informazione esplicitamente richiesto dall\u2019Utente a erogare tale servizio.<\/p><p><b>Cookie di Funzionalit\u00e0:<\/b>\u00a0consentono una ottimizzazione della visitabilit\u00e0 del sito da parte dell\u2019Utente, ricordando alcune impostazioni relative all\u2019accesso dello stesso (ad esempio, lingua, login, browser, regione).<\/p><p><b>Cookie analitici:<\/b>\u00a0sono cookies utilizzati per raccogliere e analizzare il traffico e l\u2019utilizzo del sito. Questi cookie, pur senza identificare l\u2019utente, consentono, per esempio, di rilevare se il medesimo utente torna a collegarsi in momenti diversi. Permettono inoltre di monitorare il sistema e migliorarne le prestazioni e l\u2019usabilit\u00e0. La disattivazione di tali cookies pu\u00f2 essere eseguita senza alcuna perdita di funzionalit\u00e0.<\/p><p><b>Cookie di profilazione:<\/b>\u00a0si tratta di cookies persistenti utilizzati per identificare (in modo anonimo e non) le preferenze dell\u2019utente e migliorare la sua esperienza di navigazione.<\/p><p><b>Cookie di terze parti (analitici e\/o di profilazione):<\/b>\u00a0si tratta di cookies generati da terzi non facenti capo al Sito, ma ospitati in alcune parti della pagina del Sito. Si pensi ad esempio ai \u201cwidget\u201d di Google (ad es. Google Maps) o ai \u201csocial plugin\u201d (Facebook, Twitter, LinkedIn, ecc.).<\/p><p>Il Sito\u00a0<em>https:\/\/millbo.com\/<\/em>\u00a0(di seguito \u201csito web\u201d) utilizza sia dati di navigazione che cookies e, dunque, il presente documento fornisce informazioni dettagliate sulla loro tipologia, funzionalit\u00e0 e su come gestirli.<\/p><h4>TITOLARE DEL SITO WEB E DEL TRATTAMENTO E DATI<\/h4><p>Il Titolare del trattamento \u00e8 la societ\u00e0 MILLBO s.r.l. e-mail info@millbo.it<\/p><h4>TIPOLOGIA, DURATA E FINALITA\u2019 DEGLI STRUMENTI DI TRACCIAMENTO UTILIZZATI DA QUESTO SITO WEB<\/h4><p>I sistemi informatici e le procedure software preposte al funzionamento di questo sito web acquisiscono, nel corso del loro normale esercizio, alcuni dati personali di navigazione la cui trasmissione \u00e8 implicita nell\u2019uso dei protocolli di comunicazione di Internet.<br \/>In questa categoria di dati rientrano: gli indirizzi IP o i nomi a dominio dei computer e dei terminali utilizzati dagli utenti, l\u2019orario della richiesta, il metodo utilizzato nel sottoporre la richiesta al server, la dimensione del file ottenuto in risposta, il codice numerico indicante lo stato della risposta data dal server (buon fine, errore, ecc.) ed altri parametri relativi al sistema operativo e all\u2019ambiente informatico dell\u2019utente. Tali dati, necessari per la fruizione dei servizi web, vengono trattati allo scopo di controllare il corretto funzionamento dei servizi offerti.<br \/>La conservazione degli access log per la piattaforma di hosting \u00e8 di massimo 24 mesi.Al fine di poter funzionare correttamente, il sito web utilizza, inoltre, i seguenti cookie tecnici:<\/p><table><tbody><tr><th>NOME<\/th><th>TIPOLOGIA<\/th><th>PRIMA\/TERZA PARTE<\/th><th>FINALITA\u2019<\/th><th>PERIODO CONSERVAZIONE<\/th><\/tr><tr><td>PLL_LANGUAGE<\/td><td>necessari<\/td><td>prima<\/td><td>questo cookie \u00e8 impostato per i siti web basati su WordPress. Il cookie memorizza il codice della lingua dell\u2019ultima pagina visitata.<\/td><td>1 anno<\/td><\/tr><\/tbody><\/table><p>Sul sito web del Titolare non sono presenti annunci pubblicitari e non vengono usati dati a fini di invio di pubblicit\u00e0.<br \/>Il sito web incorpora link di siti di terze parti (Instagram e YouTube) al fine di consentire una facile condivisione dei contenuti sui social network. Quando l\u2019utente clicca sul link, il suo browser si collega direttamente al server del social network da dove \u00e8 caricato il contenuto da visualizzare, il quale pu\u00f2 tracciare la visita al nostro sito web e, nel caso, associarla all\u2019account del social se l\u2019utente \u00e8 connesso al momento della visita.<\/p><p>La raccolta e l\u2019uso delle informazioni da parte di tali terzi sono regolati dalle rispettive informative privacy alle quali si prega di fare riferimento:<\/p><ul><li>Instagram (<a href=\"https:\/\/privacycenter.instagram.com\/policy\/?entry_point=ig_help_center_data_policy_redirect\" target=\"_blank\" rel=\"noreferrer noopener\">link informativa cookie<\/a>)<\/li><li>YouTube (<a href=\"https:\/\/www.youtube.com\/intl\/ALL_it\/howyoutubeworks\/user-settings\/privacy\/\" target=\"_blank\" rel=\"noreferrer noopener\">link informativa cookie<\/a>)<\/li><\/ul><h4>FINALITA\u2019 E BASI GIURIDICHE DEL TRATTAMENTO<\/h4><p>L\u2019installazione dei cookie tecnici \u00e8 necessaria al solo fine di permettere il corretto funzionamento del sito permettendo la trasmissione di una comunicazione su una rete di comunicazione elettronica, nella misura strettamente necessaria all\u2019erogazione del servizio stesso richiesto dall\u2019utente (art. 122, comma 1, d.lgs. 196\/2003 aggiornato dal d.lgs. 101\/2018 e s.m.i. e art. 6, lett. b) GDPR).<\/p><h4>DESTINATARI DEL TRATTAMENTO<\/h4><p>I dati personali trattati dal Titolare del trattamento non sono diffusi. I dati personali possono essere comunicati ai lavoratori che operano alle dipendenze del Titolare, in qualit\u00e0 di autorizzati al trattamento ed ai soggetti esterni che con esso collaborano designati in qualit\u00e0 di Responsabili del trattamento o comunque operanti sotto l\u2019autorit\u00e0 del titolare del trattamento. Nella specie, oltre al Titolare, potrebbero avere accesso ai dati altri soggetti coinvolti nell\u2019organizzazione del Sito (personale amministrativo, commerciale, marketing, legali, amministratori di sistema) ovvero soggetti esterni (come fornitori di servizi tecnici terzi, corrieri postali, hosting provider, societ\u00e0 informatiche, agenzie di comunicazione). Resta fermo, ove richiesto, l\u2019obbligo del Titolare di comunicare i dati ad Autorit\u00e0 Pubbliche al fine di:<\/p><ol><li>rispettare un procedimento legale;<\/li><li>applicare i termini previsti dalle Condizioni generali d\u2019Utilizzo;<\/li><li>proteggere i diritti, la propriet\u00e0 o la sicurezza del Titolare e dei relativi utenti e del pubblico.<\/li><\/ol><h4>TRASFERIMENTO DEI DATI PERSONALI<\/h4><p>Il presente sito non condivide dati con servizi localizzati al di fuori dello Spazio Economico Europeo (SEE) e, in ogni caso, si avvale di fornitori con server localizzati in Paesi per i quali la Commissione Europea ha emesso regolare decisione di adeguatezza ai sensi degli art. 45 e ss. GDPR.<\/p><h4>DIRITTI DEGLI INTERESSATI<\/h4><p>Nel rispetto dei limiti e delle condizioni previste dalla normativa in materia di protezione dati personali, per quanto concerne i trattamenti oggetto della presente Informativa, ogni Utente, in qualit\u00e0 di interessato, ha il diritto di chiedere al Titolare del trattamento:<\/p><ul><li>l\u2019accesso ai propri dati;<\/li><li>la verifica e rettifica dei propri dati;<\/li><li>la revoca del consenso precedentemente prestato in qualsiasi momento;<\/li><li>di opporsi al trattamento dei propri dati;<\/li><li>la limitazione del trattamento;<\/li><li>la cancellazione o rimozione dei propri dati personali;<\/li><li>il diritto alla portabilit\u00e0.<\/li><\/ul><p>L\u2019interessato ha inoltre il diritto di proporre reclamo all\u2019Autorit\u00e0 di controllo della protezione dei dati personali competente o agire in sede giudiziale, nel caso in cui ritenga che i trattamenti che lo riguardano violino le norme del GDPR, ai sensi dell\u2019art. 77 del GDPR. Per esercitare i propri diritti, gli Utenti possono indirizzare una richiesta all\u2019indirizzo e-mail del Titolare del trattamento, all\u2019indirizzo e-mail sopra indicato<\/p><p>Il DPO della Societ\u00e0 \u00e8 reperibile all\u2019indirizzo e-mail: marchetti@avvocatomartinamarchetti.it<\/p><h4>COME DISABILITARE I COOKIES MEDIANTE CONFIGURAZIONE DEL BROWSER<\/h4><p>Se desideri approfondire le modalit\u00e0 con cui il tuo browser memorizza i cookies durante la sua navigazione, ti invitiamo a seguire questi link sui siti dei rispettivi fornitori.<\/p><ol><li>Mozilla Firefox:\u00a0<a href=\"https:\/\/support.mozilla.org\/it\/kb\/Gestione%20dei%20cookie\">https:\/\/support.mozilla.org\/it\/kb\/Gestione%20dei%20cookie<\/a><\/li><li>Google Chrome:\u00a0<a href=\"https:\/\/support.google.com\/chrome\/answer\/95647?hl=it\">https:\/\/support.google.com\/chrome\/answer\/95647?hl=it<\/a><\/li><li>Internet Explorer:\u00a0<a href=\"https:\/\/support.microsoft.com\/it-it\/help\/17442\/windows-internet-explorer-delete-manage-cookies\">https:\/\/support.microsoft.com\/it-it\/help\/17442\/windows-internet-explorer-delete-manage-cookies<\/a><\/li><li>Safari sul Mac:\u00a0<a href=\"https:\/\/support.apple.com\/it-it\/guide\/safari\/sfri11471\/mac\">https:\/\/support.apple.com\/it-it\/guide\/safari\/sfri11471\/mac<\/a><\/li><li>Safari su iPhone, iPad, o iPod touch:\u00a0<a href=\"https:\/\/support.apple.com\/it-it\/HT201265\">https:\/\/support.apple.com\/it-it\/HT201265<\/a><\/li><li>Opera:<a href=\"https:\/\/help.opera.com\/en\/latest\/web-preferences\/#cookies\">https:\/\/help.opera.com\/en\/latest\/web-preferences\/#cookies<\/a><\/li><\/ol>\t\t\t\t\t\t\t\t<\/div>\n\t\t\t\t<\/div>\n\t\t\t\t\t<\/div>\n\t\t<\/div>\n\t\t\t\t\t<\/div>\n\t\t<\/section>\n\t\t\t\t<\/div>\n\t\t","protected":false},"excerpt":{"rendered":"<p>17\/01\/2023 COOKIES POLICY SITO WEB Informazioni sul trattamento dei dati personali ai sensi dell\u2019art. 13 del Regolamento UE 2016\/679 (GDPR) Ogni persona che naviga on line pu\u00f2 essere associata a identificativi online, definiti genericamente strumenti di tracciamento dell\u2019utente, che vengono prodotti dai dispositivi e dalle applicazioni utilizzate o dai protocolli impiegati per la navigazione. Ad [&hellip;]<\/p>\n","protected":false},"author":1,"featured_media":0,"parent":0,"menu_order":0,"comment_status":"closed","ping_status":"closed","template":"","meta":{"footnotes":""},"class_list":["post-2513","page","type-page","status-publish","hentry"],"yoast_head":"<!-- This site is optimized with the Yoast SEO plugin v27.3 - https:\/\/yoast.com\/product\/yoast-seo-wordpress\/ -->\n<title>Cookies Policy - Millbio SG<\/title>\n<meta name=\"robots\" content=\"index, follow, max-snippet:-1, max-image-preview:large, max-video-preview:-1\" \/>\n<link rel=\"canonical\" href=\"https:\/\/millbio.sg\/en\/cookies-policy\/\" \/>\n<meta property=\"og:locale\" content=\"en_US\" \/>\n<meta property=\"og:type\" content=\"article\" \/>\n<meta property=\"og:title\" content=\"Cookies Policy - Millbio SG\" \/>\n<meta property=\"og:description\" content=\"17\/01\/2023 COOKIES POLICY SITO WEB Informazioni sul trattamento dei dati personali ai sensi dell\u2019art. 13 del Regolamento UE 2016\/679 (GDPR) Ogni persona che naviga on line pu\u00f2 essere associata a identificativi online, definiti genericamente strumenti di tracciamento dell\u2019utente, che vengono prodotti dai dispositivi e dalle applicazioni utilizzate o dai protocolli impiegati per la navigazione. Ad [&hellip;]\" \/>\n<meta property=\"og:url\" content=\"https:\/\/millbio.sg\/en\/cookies-policy\/\" \/>\n<meta property=\"og:site_name\" content=\"Millbio SG\" \/>\n<meta property=\"article:modified_time\" content=\"2023-10-10T13:33:43+00:00\" \/>\n<meta name=\"twitter:card\" content=\"summary_large_image\" \/>\n<meta name=\"twitter:label1\" content=\"Est. reading time\" \/>\n\t<meta name=\"twitter:data1\" content=\"7 minutes\" \/>\n<script type=\"application\/ld+json\" class=\"yoast-schema-graph\">{\"@context\":\"https:\\\/\\\/schema.org\",\"@graph\":[{\"@type\":\"WebPage\",\"@id\":\"https:\\\/\\\/millbio.sg\\\/cookies-policy\",\"url\":\"https:\\\/\\\/millbio.sg\\\/cookies-policy\",\"name\":\"Cookies Policy - Millbio SG\",\"isPartOf\":{\"@id\":\"https:\\\/\\\/millbio.sg\\\/#website\"},\"datePublished\":\"2023-10-10T13:30:34+00:00\",\"dateModified\":\"2023-10-10T13:33:43+00:00\",\"breadcrumb\":{\"@id\":\"https:\\\/\\\/millbio.sg\\\/cookies-policy#breadcrumb\"},\"inLanguage\":\"en-US\",\"potentialAction\":[{\"@type\":\"ReadAction\",\"target\":[\"https:\\\/\\\/millbio.sg\\\/cookies-policy\"]}]},{\"@type\":\"BreadcrumbList\",\"@id\":\"https:\\\/\\\/millbio.sg\\\/cookies-policy#breadcrumb\",\"itemListElement\":[{\"@type\":\"ListItem\",\"position\":1,\"name\":\"Home\",\"item\":\"https:\\\/\\\/millbio.sg\\\/en\\\/\"},{\"@type\":\"ListItem\",\"position\":2,\"name\":\"Cookies Policy\"}]},{\"@type\":\"WebSite\",\"@id\":\"https:\\\/\\\/millbio.sg\\\/#website\",\"url\":\"https:\\\/\\\/millbio.sg\\\/\",\"name\":\"Millbio SG\",\"description\":\"Natural solution for contemporary baking\",\"publisher\":{\"@id\":\"https:\\\/\\\/millbio.sg\\\/#organization\"},\"potentialAction\":[{\"@type\":\"SearchAction\",\"target\":{\"@type\":\"EntryPoint\",\"urlTemplate\":\"https:\\\/\\\/millbio.sg\\\/?s={search_term_string}\"},\"query-input\":{\"@type\":\"PropertyValueSpecification\",\"valueRequired\":true,\"valueName\":\"search_term_string\"}}],\"inLanguage\":\"en-US\"},{\"@type\":\"Organization\",\"@id\":\"https:\\\/\\\/millbio.sg\\\/#organization\",\"name\":\"Millbo srl\",\"url\":\"https:\\\/\\\/millbio.sg\\\/\",\"logo\":{\"@type\":\"ImageObject\",\"inLanguage\":\"en-US\",\"@id\":\"https:\\\/\\\/millbio.sg\\\/#\\\/schema\\\/logo\\\/image\\\/\",\"url\":\"https:\\\/\\\/millbio.sg\\\/wp-content\\\/uploads\\\/sites\\\/5\\\/2023\\\/05\\\/logo_millbo.png\",\"contentUrl\":\"https:\\\/\\\/millbio.sg\\\/wp-content\\\/uploads\\\/sites\\\/5\\\/2023\\\/05\\\/logo_millbo.png\",\"width\":310,\"height\":102,\"caption\":\"Millbo srl\"},\"image\":{\"@id\":\"https:\\\/\\\/millbio.sg\\\/#\\\/schema\\\/logo\\\/image\\\/\"},\"sameAs\":[\"https:\\\/\\\/www.instagram.com\\\/millbochannel\"]}]}<\/script>\n<!-- \/ Yoast SEO plugin. -->","yoast_head_json":{"title":"Cookies Policy - Millbio SG","robots":{"index":"index","follow":"follow","max-snippet":"max-snippet:-1","max-image-preview":"max-image-preview:large","max-video-preview":"max-video-preview:-1"},"canonical":"https:\/\/millbio.sg\/en\/cookies-policy\/","og_locale":"en_US","og_type":"article","og_title":"Cookies Policy - Millbio SG","og_description":"17\/01\/2023 COOKIES POLICY SITO WEB Informazioni sul trattamento dei dati personali ai sensi dell\u2019art. 13 del Regolamento UE 2016\/679 (GDPR) Ogni persona che naviga on line pu\u00f2 essere associata a identificativi online, definiti genericamente strumenti di tracciamento dell\u2019utente, che vengono prodotti dai dispositivi e dalle applicazioni utilizzate o dai protocolli impiegati per la navigazione. Ad [&hellip;]","og_url":"https:\/\/millbio.sg\/en\/cookies-policy\/","og_site_name":"Millbio SG","article_modified_time":"2023-10-10T13:33:43+00:00","twitter_card":"summary_large_image","twitter_misc":{"Est. reading time":"7 minutes"},"schema":{"@context":"https:\/\/schema.org","@graph":[{"@type":"WebPage","@id":"https:\/\/millbio.sg\/cookies-policy","url":"https:\/\/millbio.sg\/cookies-policy","name":"Cookies Policy - Millbio SG","isPartOf":{"@id":"https:\/\/millbio.sg\/#website"},"datePublished":"2023-10-10T13:30:34+00:00","dateModified":"2023-10-10T13:33:43+00:00","breadcrumb":{"@id":"https:\/\/millbio.sg\/cookies-policy#breadcrumb"},"inLanguage":"en-US","potentialAction":[{"@type":"ReadAction","target":["https:\/\/millbio.sg\/cookies-policy"]}]},{"@type":"BreadcrumbList","@id":"https:\/\/millbio.sg\/cookies-policy#breadcrumb","itemListElement":[{"@type":"ListItem","position":1,"name":"Home","item":"https:\/\/millbio.sg\/en\/"},{"@type":"ListItem","position":2,"name":"Cookies Policy"}]},{"@type":"WebSite","@id":"https:\/\/millbio.sg\/#website","url":"https:\/\/millbio.sg\/","name":"Millbio SG","description":"Natural solution for contemporary baking","publisher":{"@id":"https:\/\/millbio.sg\/#organization"},"potentialAction":[{"@type":"SearchAction","target":{"@type":"EntryPoint","urlTemplate":"https:\/\/millbio.sg\/?s={search_term_string}"},"query-input":{"@type":"PropertyValueSpecification","valueRequired":true,"valueName":"search_term_string"}}],"inLanguage":"en-US"},{"@type":"Organization","@id":"https:\/\/millbio.sg\/#organization","name":"Millbo srl","url":"https:\/\/millbio.sg\/","logo":{"@type":"ImageObject","inLanguage":"en-US","@id":"https:\/\/millbio.sg\/#\/schema\/logo\/image\/","url":"https:\/\/millbio.sg\/wp-content\/uploads\/sites\/5\/2023\/05\/logo_millbo.png","contentUrl":"https:\/\/millbio.sg\/wp-content\/uploads\/sites\/5\/2023\/05\/logo_millbo.png","width":310,"height":102,"caption":"Millbo srl"},"image":{"@id":"https:\/\/millbio.sg\/#\/schema\/logo\/image\/"},"sameAs":["https:\/\/www.instagram.com\/millbochannel"]}]}},"_links":{"self":[{"href":"https:\/\/millbio.sg\/en\/wp-json\/wp\/v2\/pages\/2513","targetHints":{"allow":["GET"]}}],"collection":[{"href":"https:\/\/millbio.sg\/en\/wp-json\/wp\/v2\/pages"}],"about":[{"href":"https:\/\/millbio.sg\/en\/wp-json\/wp\/v2\/types\/page"}],"author":[{"embeddable":true,"href":"https:\/\/millbio.sg\/en\/wp-json\/wp\/v2\/users\/1"}],"replies":[{"embeddable":true,"href":"https:\/\/millbio.sg\/en\/wp-json\/wp\/v2\/comments?post=2513"}],"version-history":[{"count":7,"href":"https:\/\/millbio.sg\/en\/wp-json\/wp\/v2\/pages\/2513\/revisions"}],"predecessor-version":[{"id":2521,"href":"https:\/\/millbio.sg\/en\/wp-json\/wp\/v2\/pages\/2513\/revisions\/2521"}],"wp:attachment":[{"href":"https:\/\/millbio.sg\/en\/wp-json\/wp\/v2\/media?parent=2513"}],"curies":[{"name":"wp","href":"https:\/\/api.w.org\/{rel}","templated":true}]}}